



 

{"id":754,"date":"2021-03-10T17:41:57","date_gmt":"2021-03-10T16:41:57","guid":{"rendered":"https:\/\/www.seqconsulting.be\/bienvenue\/"},"modified":"2021-04-02T14:17:27","modified_gmt":"2021-04-02T12:17:27","slug":"bienvenue","status":"publish","type":"page","link":"https:\/\/www.seqconsulting.be\/fr\/","title":{"rendered":"Bienvenue"},"content":{"rendered":"<p>L&rsquo;entreprise SEQConsulting\u00a0a vu le jour au mois d&rsquo;Octobre 2020 en pleine crise du covid19.<\/p>\n<p>L&rsquo;\u00e9pid\u00e9mie mondiale de COVID-19 (coronavirus) a modifi\u00e9 nos mod\u00e8les de travail familiers. Les infrastructures informatiques sont surcharg\u00e9es car davantage de personnes sont oblig\u00e9es de travailler \u00e0 domicile. En outre, les inqui\u00e9tudes grandissent quant \u00e0 la r\u00e9silience de la technologie et \u00e0 la menace de cyberattaques sous forme de logiciels malveillants et de ransomwares. Cela d\u00e9montre comment des ph\u00e9nom\u00e8nes soci\u00e9taux malveillants peuvent avoir un impact sur la sant\u00e9 op\u00e9rationnelle et l&rsquo;architecture informatique des organisations, mais cela illustre \u00e9galement comment les organisations ayant une vision strat\u00e9gique de l&rsquo;utilisation de la technologie peuvent tirer parti de cette technologie pour renforcer et transformer leur r\u00e9silience en un avantage concurrentiel.<\/p>\n<p>La technologie va donc jouer un r\u00f4le de plus en plus important dans la vie de l&rsquo;homme et la qualit\u00e9 de cette technologie s&rsquo;impose afin que l&rsquo;homme puisse jouir pleinement des avantages qu&rsquo;elle apporte.<\/p>\n<p>SEQConsulting offre principalement\u00a0 les services de consultance sur le contr\u00f4le de la qualit\u00e9 des syst\u00e8mes informatiques et logiciels . D&rsquo;autres service que l&rsquo;entreprises offre sont entre autres:<\/p>\n<ul>\n<li>Conseil pour l&rsquo;achat \/ vente de mat\u00e9riel: ordinateurs tangibles, imprimantes, \u00e9crans, processeurs, puces, etc.<\/li>\n<li>Conseil &amp; D\u00e9veloppement de logiciel: d\u00e9veloppement de code qui contr\u00f4le le mat\u00e9riel<\/li>\n<li>D\u00e9veloppement et s\u00e9curit\u00e9 de l&rsquo;infrastructure informatique (r\u00e9seaux, bases de donn\u00e9es, blockchain, cloud)<\/li>\n<li>Services: les services sur une base commerciale visant \u00e0 mettre en service du mat\u00e9riel et \/ ou des logiciels, ainsi que le soutien \u00e0 l&rsquo;utilisation op\u00e9rationnelle.<\/li>\n<li>Conseil dans le domaine de l&rsquo;\u00e9conomie des jetons de r\u00e9seau<\/li>\n<li>D\u00e9veloppement des jeux et des sites Web<\/li>\n<li>Services dans le domaine du coaching, formation, conf\u00e9rence &#8230;<\/li>\n<li>Information de qualit\u00e9<\/li>\n<\/ul>\n<p>Ces services pourront \u00eatre \u00e9largis dans un proche avenir.<\/p>\n<p>\u00c0 travers ce site web, l&rsquo;entreprise met aussi en place une plateforme d&rsquo;information o\u00f9 les gens de tout horizon se ressourcent et explorent les nouvelles technologies et leur impact sur la vie des citoyens du monde.\u00a0 Un accent particulier sera mis sur le r\u00f4le que la technologie peut jouer pour am\u00e9liorer la vie des millions des gens en Afrique sub-saharienne.<\/p>\n","protected":false},"excerpt":{"rendered":"<p>L&rsquo;entreprise SEQConsulting\u00a0a vu le jour au mois d&rsquo;Octobre 2020 en pleine crise du covid19. L&rsquo;\u00e9pid\u00e9mie mondiale de COVID-19 (coronavirus) a modifi\u00e9 nos mod\u00e8les de travail familiers. Les infrastructures informatiques sont surcharg\u00e9es car davantage de personnes sont oblig\u00e9es de travailler \u00e0 domicile. En outre, les inqui\u00e9tudes grandissent quant \u00e0 la r\u00e9silience de la technologie et \u00e0 [&hellip;]<\/p>\n","protected":false},"author":1,"featured_media":0,"parent":0,"menu_order":0,"comment_status":"closed","ping_status":"open","template":"","meta":{"_acf_changed":false,"footnotes":""},"class_list":["post-754","page","type-page","status-publish","hentry"],"acf":[],"yoast_head":"<!-- This site is optimized with the Yoast SEO plugin v27.3 - https:\/\/yoast.com\/product\/yoast-seo-wordpress\/ -->\n<title>Bienvenue - SEQ Consulting<\/title>\n<meta name=\"robots\" content=\"index, follow, max-snippet:-1, max-image-preview:large, max-video-preview:-1\" \/>\n<link rel=\"canonical\" href=\"https:\/\/www.seqconsulting.be\/fr\/\" \/>\n<meta property=\"og:locale\" content=\"fr_FR\" \/>\n<meta property=\"og:type\" content=\"article\" \/>\n<meta property=\"og:title\" content=\"Bienvenue - SEQ Consulting\" \/>\n<meta property=\"og:description\" content=\"L&rsquo;entreprise SEQConsulting\u00a0a vu le jour au mois d&rsquo;Octobre 2020 en pleine crise du covid19. L&rsquo;\u00e9pid\u00e9mie mondiale de COVID-19 (coronavirus) a modifi\u00e9 nos mod\u00e8les de travail familiers. Les infrastructures informatiques sont surcharg\u00e9es car davantage de personnes sont oblig\u00e9es de travailler \u00e0 domicile. En outre, les inqui\u00e9tudes grandissent quant \u00e0 la r\u00e9silience de la technologie et \u00e0 [&hellip;]\" \/>\n<meta property=\"og:url\" content=\"https:\/\/www.seqconsulting.be\/fr\/\" \/>\n<meta property=\"og:site_name\" content=\"SEQ Consulting\" \/>\n<meta property=\"article:modified_time\" content=\"2021-04-02T12:17:27+00:00\" \/>\n<meta name=\"twitter:label1\" content=\"Dur\u00e9e de lecture estim\u00e9e\" \/>\n\t<meta name=\"twitter:data1\" content=\"2 minutes\" \/>\n<script type=\"application\/ld+json\" class=\"yoast-schema-graph\">{\"@context\":\"https:\\\/\\\/schema.org\",\"@graph\":[{\"@type\":\"WebPage\",\"@id\":\"https:\\\/\\\/www.seqconsulting.be\\\/fr\\\/\",\"url\":\"https:\\\/\\\/www.seqconsulting.be\\\/fr\\\/\",\"name\":\"Bienvenue - SEQ Consulting\",\"isPartOf\":{\"@id\":\"https:\\\/\\\/www.seqconsulting.be\\\/fr\\\/#website\"},\"datePublished\":\"2021-03-10T16:41:57+00:00\",\"dateModified\":\"2021-04-02T12:17:27+00:00\",\"breadcrumb\":{\"@id\":\"https:\\\/\\\/www.seqconsulting.be\\\/fr\\\/#breadcrumb\"},\"inLanguage\":\"fr-FR\",\"potentialAction\":[{\"@type\":\"ReadAction\",\"target\":[\"https:\\\/\\\/www.seqconsulting.be\\\/fr\\\/\"]}]},{\"@type\":\"BreadcrumbList\",\"@id\":\"https:\\\/\\\/www.seqconsulting.be\\\/fr\\\/#breadcrumb\",\"itemListElement\":[{\"@type\":\"ListItem\",\"position\":1,\"name\":\"Home\",\"item\":\"https:\\\/\\\/www.seqconsulting.be\\\/fr\\\/\"},{\"@type\":\"ListItem\",\"position\":2,\"name\":\"Bienvenue\"}]},{\"@type\":\"WebSite\",\"@id\":\"https:\\\/\\\/www.seqconsulting.be\\\/fr\\\/#website\",\"url\":\"https:\\\/\\\/www.seqconsulting.be\\\/fr\\\/\",\"name\":\"SEQ Consulting\",\"description\":\"SEQ Consulting\",\"publisher\":{\"@id\":\"https:\\\/\\\/www.seqconsulting.be\\\/fr\\\/#organization\"},\"potentialAction\":[{\"@type\":\"SearchAction\",\"target\":{\"@type\":\"EntryPoint\",\"urlTemplate\":\"https:\\\/\\\/www.seqconsulting.be\\\/fr\\\/?s={search_term_string}\"},\"query-input\":{\"@type\":\"PropertyValueSpecification\",\"valueRequired\":true,\"valueName\":\"search_term_string\"}}],\"inLanguage\":\"fr-FR\"},{\"@type\":\"Organization\",\"@id\":\"https:\\\/\\\/www.seqconsulting.be\\\/fr\\\/#organization\",\"name\":\"SEQ Consulting\",\"url\":\"https:\\\/\\\/www.seqconsulting.be\\\/fr\\\/\",\"logo\":{\"@type\":\"ImageObject\",\"inLanguage\":\"fr-FR\",\"@id\":\"https:\\\/\\\/www.seqconsulting.be\\\/fr\\\/#\\\/schema\\\/logo\\\/image\\\/\",\"url\":\"https:\\\/\\\/www.seqconsulting.be\\\/wp-content\\\/uploads\\\/2021\\\/02\\\/SVGLogo.svg\",\"contentUrl\":\"https:\\\/\\\/www.seqconsulting.be\\\/wp-content\\\/uploads\\\/2021\\\/02\\\/SVGLogo.svg\",\"caption\":\"SEQ Consulting\"},\"image\":{\"@id\":\"https:\\\/\\\/www.seqconsulting.be\\\/fr\\\/#\\\/schema\\\/logo\\\/image\\\/\"}}]}<\/script>\n<!-- \/ Yoast SEO plugin. -->","yoast_head_json":{"title":"Bienvenue - SEQ Consulting","robots":{"index":"index","follow":"follow","max-snippet":"max-snippet:-1","max-image-preview":"max-image-preview:large","max-video-preview":"max-video-preview:-1"},"canonical":"https:\/\/www.seqconsulting.be\/fr\/","og_locale":"fr_FR","og_type":"article","og_title":"Bienvenue - SEQ Consulting","og_description":"L&rsquo;entreprise SEQConsulting\u00a0a vu le jour au mois d&rsquo;Octobre 2020 en pleine crise du covid19. L&rsquo;\u00e9pid\u00e9mie mondiale de COVID-19 (coronavirus) a modifi\u00e9 nos mod\u00e8les de travail familiers. Les infrastructures informatiques sont surcharg\u00e9es car davantage de personnes sont oblig\u00e9es de travailler \u00e0 domicile. En outre, les inqui\u00e9tudes grandissent quant \u00e0 la r\u00e9silience de la technologie et \u00e0 [&hellip;]","og_url":"https:\/\/www.seqconsulting.be\/fr\/","og_site_name":"SEQ Consulting","article_modified_time":"2021-04-02T12:17:27+00:00","twitter_misc":{"Dur\u00e9e de lecture estim\u00e9e":"2 minutes"},"schema":{"@context":"https:\/\/schema.org","@graph":[{"@type":"WebPage","@id":"https:\/\/www.seqconsulting.be\/fr\/","url":"https:\/\/www.seqconsulting.be\/fr\/","name":"Bienvenue - SEQ Consulting","isPartOf":{"@id":"https:\/\/www.seqconsulting.be\/fr\/#website"},"datePublished":"2021-03-10T16:41:57+00:00","dateModified":"2021-04-02T12:17:27+00:00","breadcrumb":{"@id":"https:\/\/www.seqconsulting.be\/fr\/#breadcrumb"},"inLanguage":"fr-FR","potentialAction":[{"@type":"ReadAction","target":["https:\/\/www.seqconsulting.be\/fr\/"]}]},{"@type":"BreadcrumbList","@id":"https:\/\/www.seqconsulting.be\/fr\/#breadcrumb","itemListElement":[{"@type":"ListItem","position":1,"name":"Home","item":"https:\/\/www.seqconsulting.be\/fr\/"},{"@type":"ListItem","position":2,"name":"Bienvenue"}]},{"@type":"WebSite","@id":"https:\/\/www.seqconsulting.be\/fr\/#website","url":"https:\/\/www.seqconsulting.be\/fr\/","name":"SEQ Consulting","description":"SEQ Consulting","publisher":{"@id":"https:\/\/www.seqconsulting.be\/fr\/#organization"},"potentialAction":[{"@type":"SearchAction","target":{"@type":"EntryPoint","urlTemplate":"https:\/\/www.seqconsulting.be\/fr\/?s={search_term_string}"},"query-input":{"@type":"PropertyValueSpecification","valueRequired":true,"valueName":"search_term_string"}}],"inLanguage":"fr-FR"},{"@type":"Organization","@id":"https:\/\/www.seqconsulting.be\/fr\/#organization","name":"SEQ Consulting","url":"https:\/\/www.seqconsulting.be\/fr\/","logo":{"@type":"ImageObject","inLanguage":"fr-FR","@id":"https:\/\/www.seqconsulting.be\/fr\/#\/schema\/logo\/image\/","url":"https:\/\/www.seqconsulting.be\/wp-content\/uploads\/2021\/02\/SVGLogo.svg","contentUrl":"https:\/\/www.seqconsulting.be\/wp-content\/uploads\/2021\/02\/SVGLogo.svg","caption":"SEQ Consulting"},"image":{"@id":"https:\/\/www.seqconsulting.be\/fr\/#\/schema\/logo\/image\/"}}]}},"_links":{"self":[{"href":"https:\/\/www.seqconsulting.be\/fr\/wp-json\/wp\/v2\/pages\/754","targetHints":{"allow":["GET"]}}],"collection":[{"href":"https:\/\/www.seqconsulting.be\/fr\/wp-json\/wp\/v2\/pages"}],"about":[{"href":"https:\/\/www.seqconsulting.be\/fr\/wp-json\/wp\/v2\/types\/page"}],"author":[{"embeddable":true,"href":"https:\/\/www.seqconsulting.be\/fr\/wp-json\/wp\/v2\/users\/1"}],"replies":[{"embeddable":true,"href":"https:\/\/www.seqconsulting.be\/fr\/wp-json\/wp\/v2\/comments?post=754"}],"version-history":[{"count":4,"href":"https:\/\/www.seqconsulting.be\/fr\/wp-json\/wp\/v2\/pages\/754\/revisions"}],"predecessor-version":[{"id":1111,"href":"https:\/\/www.seqconsulting.be\/fr\/wp-json\/wp\/v2\/pages\/754\/revisions\/1111"}],"wp:attachment":[{"href":"https:\/\/www.seqconsulting.be\/fr\/wp-json\/wp\/v2\/media?parent=754"}],"curies":[{"name":"wp","href":"https:\/\/api.w.org\/{rel}","templated":true}]}}